{"id":15784,"date":"2023-11-02T08:39:47","date_gmt":"2023-11-02T08:39:47","guid":{"rendered":"https:\/\/edusign.com\/fr\/?page_id=15784"},"modified":"2023-11-06T11:25:31","modified_gmt":"2023-11-06T11:25:31","slug":"livre-blanc-edusign-comment-integrer-lintelligence-artificielle-dans-vos-formations","status":"publish","type":"page","link":"https:\/\/edusign.com\/fr\/livre-blanc-edusign-comment-integrer-lintelligence-artificielle-dans-vos-formations\/","title":{"rendered":"Livre blanc Edusign &#8211; Comment int\u00e9grer l&rsquo;intelligence artificielle dans vos formations ?"},"content":{"rendered":"\t\t<div data-elementor-type=\"wp-page\" data-elementor-id=\"15784\" class=\"elementor elementor-15784\" data-elementor-post-type=\"page\">\n\t\t\t\t<div class=\"elementor-element elementor-element-4d14010 e-flex e-con-boxed e-con e-parent\" data-id=\"4d14010\" data-element_type=\"container\">\n\t\t\t\t\t<div class=\"e-con-inner\">\n\t\t<div class=\"elementor-element elementor-element-14cff65 e-flex e-con-boxed e-con e-child\" data-id=\"14cff65\" data-element_type=\"container\">\n\t\t\t\t\t<div class=\"e-con-inner\">\n\t\t\t\t<div class=\"elementor-element elementor-element-d245ecc elementor-widget elementor-widget-image\" data-id=\"d245ecc\" data-element_type=\"widget\" data-widget_type=\"image.default\">\n\t\t\t\t<div class=\"elementor-widget-container\">\n\t\t\t<style>\/*! elementor - v3.23.0 - 05-08-2024 *\/\n.elementor-widget-image{text-align:center}.elementor-widget-image a{display:inline-block}.elementor-widget-image a img[src$=\".svg\"]{width:48px}.elementor-widget-image img{vertical-align:middle;display:inline-block}<\/style>\t\t\t\t\t\t\t\t\t\t<img fetchpriority=\"high\" decoding=\"async\" width=\"768\" height=\"575\" src=\"https:\/\/edusign.com\/fr\/wp-content\/uploads\/sites\/2\/2023\/11\/Livre-Blanc-IA-v1-768x575.jpg\" class=\"attachment-medium_large size-medium_large wp-image-15793\" alt=\"\" srcset=\"https:\/\/edusign.com\/fr\/wp-content\/uploads\/sites\/2\/2023\/11\/Livre-Blanc-IA-v1-768x575.jpg 768w, https:\/\/edusign.com\/fr\/wp-content\/uploads\/sites\/2\/2023\/11\/Livre-Blanc-IA-v1-300x225.jpg 300w, https:\/\/edusign.com\/fr\/wp-content\/uploads\/sites\/2\/2023\/11\/Livre-Blanc-IA-v1-1024x767.jpg 1024w, https:\/\/edusign.com\/fr\/wp-content\/uploads\/sites\/2\/2023\/11\/Livre-Blanc-IA-v1.jpg 1335w\" sizes=\"(max-width: 768px) 100vw, 768px\" \/>\t\t\t\t\t\t\t\t\t\t\t\t\t<\/div>\n\t\t\t\t<\/div>\n\t\t\t\t<div class=\"elementor-element elementor-element-10e9471 elementor-widget elementor-widget-text-editor\" data-id=\"10e9471\" data-element_type=\"widget\" data-widget_type=\"text-editor.default\">\n\t\t\t\t<div class=\"elementor-widget-container\">\n\t\t\t<style>\/*! elementor - v3.23.0 - 05-08-2024 *\/\n.elementor-widget-text-editor.elementor-drop-cap-view-stacked .elementor-drop-cap{background-color:#69727d;color:#fff}.elementor-widget-text-editor.elementor-drop-cap-view-framed .elementor-drop-cap{color:#69727d;border:3px solid;background-color:transparent}.elementor-widget-text-editor:not(.elementor-drop-cap-view-default) .elementor-drop-cap{margin-top:8px}.elementor-widget-text-editor:not(.elementor-drop-cap-view-default) .elementor-drop-cap-letter{width:1em;height:1em}.elementor-widget-text-editor .elementor-drop-cap{float:left;text-align:center;line-height:1;font-size:50px}.elementor-widget-text-editor .elementor-drop-cap-letter{display:inline-block}<\/style>\t\t\t\t<p>\u00c0 une \u00e9poque o\u00f9 l&rsquo;innovation et la technologie sont essentielles pour rester comp\u00e9titif sur le march\u00e9, l&rsquo;intelligence artificielle a le pouvoir de <strong>r\u00e9volutionner la mani\u00e8re dont nous formons<\/strong> nos \u00e9quipes et nos apprenants.<\/p><p>Au travers de cas pratiques et d&rsquo;exemples concrets, ce guide explore vous aide \u00e0 comprendre comment <strong>tirer parti de l&rsquo;IA<\/strong> pour am\u00e9liorer l&rsquo;exp\u00e9rience de formation, l&rsquo;efficacit\u00e9 et les r\u00e9sultats de vos apprenants.<\/p><p><em><strong>Le futur de la formation est l\u00e0, et il est intelligent. \u00cates-vous pr\u00eat \u00e0 en faire partie ?<\/strong><\/em><\/p>\t\t\t\t\t\t<\/div>\n\t\t\t\t<\/div>\n\t\t\t\t\t<\/div>\n\t\t\t\t<\/div>\n\t\t<div class=\"elementor-element elementor-element-ab603c0 e-flex e-con-boxed e-con e-child\" data-id=\"ab603c0\" data-element_type=\"container\">\n\t\t\t\t\t<div class=\"e-con-inner\">\n\t\t\t\t<div class=\"elementor-element elementor-element-5d49d29 elementor-widget elementor-widget-text-editor\" data-id=\"5d49d29\" data-element_type=\"widget\" data-widget_type=\"text-editor.default\">\n\t\t\t\t<div class=\"elementor-widget-container\">\n\t\t\t\t\t\t\t<p>Votre guide ultime<\/p>\t\t\t\t\t\t<\/div>\n\t\t\t\t<\/div>\n\t\t\t\t<div class=\"elementor-element elementor-element-e0dbe1f elementor-widget elementor-widget-heading\" data-id=\"e0dbe1f\" data-element_type=\"widget\" data-widget_type=\"heading.default\">\n\t\t\t\t<div class=\"elementor-widget-container\">\n\t\t\t<style>\/*! elementor - v3.23.0 - 05-08-2024 *\/\n.elementor-heading-title{padding:0;margin:0;line-height:1}.elementor-widget-heading .elementor-heading-title[class*=elementor-size-]>a{color:inherit;font-size:inherit;line-height:inherit}.elementor-widget-heading .elementor-heading-title.elementor-size-small{font-size:15px}.elementor-widget-heading .elementor-heading-title.elementor-size-medium{font-size:19px}.elementor-widget-heading .elementor-heading-title.elementor-size-large{font-size:29px}.elementor-widget-heading .elementor-heading-title.elementor-size-xl{font-size:39px}.elementor-widget-heading .elementor-heading-title.elementor-size-xxl{font-size:59px}<\/style><h2 class=\"elementor-heading-title elementor-size-default\">Int\u00e9grez l'intelligence artificielle dans vos formations !\n<\/h2>\t\t<\/div>\n\t\t\t\t<\/div>\n\t\t\t\t<div class=\"elementor-element elementor-element-70e5494 elementor-widget elementor-widget-text-editor\" data-id=\"70e5494\" data-element_type=\"widget\" data-widget_type=\"text-editor.default\">\n\t\t\t\t<div class=\"elementor-widget-container\">\n\t\t\t\t\t\t\t<div class=\"fl-module fl-module-rich-text fl-node-6475bc45dff28\" data-node=\"6475bc45dff28\"><div class=\"fl-module-content fl-node-content\"><div class=\"fl-rich-text\"><h5 class=\"ql-block\" data-block-id=\"block-f3bf6ff5-87e9-4e31-aa00-a271eaacb5be\"><strong>Ce que vous apprendrez dans ce guide :<\/strong><\/h5><\/div><\/div><\/div><p>\u2714\ufe0f Les avantages de l&rsquo;IA pour vos formations<br \/>\u2714\ufe0f Les limites, les risques et comment les surmonter<br \/>\u2714\ufe0f Des exemples concrets d&rsquo;automatisation et des cas pratiques<\/p>\t\t\t\t\t\t<\/div>\n\t\t\t\t<\/div>\n\t\t\t\t<div class=\"elementor-element elementor-element-66cc714 elementor-widget elementor-widget-hubspot-form\" data-id=\"66cc714\" data-element_type=\"widget\" data-widget_type=\"hubspot-form.default\">\n\t\t\t\t<div class=\"elementor-widget-container\">\n\t\t\t\n\t\t\t\t\t<script>\n\t\t\t\t\t\twindow.hsFormsOnReady = window.hsFormsOnReady || [];\n\t\t\t\t\t\twindow.hsFormsOnReady.push(()=>{\n\t\t\t\t\t\t\thbspt.forms.create({\n\t\t\t\t\t\t\t\tportalId: 25774793,\n\t\t\t\t\t\t\t\tformId: \"d5ecc832-f4e7-4712-9927-b41fd920c2ea\",\n\t\t\t\t\t\t\t\ttarget: \"#hbspt-form-1778635219000-4746722805\",\n\t\t\t\t\t\t\t\tregion: \"eu1\",\n\t\t\t\t\t\t\t\t\n\t\t\t\t\t\t})});\n\t\t\t\t\t<\/script>\n\t\t\t\t\t<div class=\"hbspt-form\" id=\"hbspt-form-1778635219000-4746722805\"><\/div>\t\t<\/div>\n\t\t\t\t<\/div>\n\t\t\t\t<div class=\"elementor-element elementor-element-d4e0f66 elementor-widget elementor-widget-text-editor\" data-id=\"d4e0f66\" data-element_type=\"widget\" data-widget_type=\"text-editor.default\">\n\t\t\t\t<div class=\"elementor-widget-container\">\n\t\t\t\t\t\t\t<p><b>Si ce guide vous pla\u00eet, n&rsquo;h\u00e9sitez pas \u00e0 le partager !<\/b><\/p>\t\t\t\t\t\t<\/div>\n\t\t\t\t<\/div>\n\t\t\t\t<div class=\"elementor-element elementor-element-2ac96569 elementor-share-buttons--view-icon elementor-share-buttons--skin-flat elementor-share-buttons--shape-circle elementor-share-buttons--color-custom elementor-grid-0 elementor-widget elementor-widget-share-buttons\" data-id=\"2ac96569\" data-element_type=\"widget\" data-widget_type=\"share-buttons.default\">\n\t\t\t\t<div class=\"elementor-widget-container\">\n\t\t\t<link rel=\"stylesheet\" href=\"https:\/\/edusign.com\/fr\/wp-content\/plugins\/elementor-pro\/assets\/css\/widget-share-buttons.min.css\">\t\t<div class=\"elementor-grid\">\n\t\t\t\t\t\t\t\t<div class=\"elementor-grid-item\">\n\t\t\t\t\t\t<div\n\t\t\t\t\t\t\tclass=\"elementor-share-btn elementor-share-btn_linkedin\"\n\t\t\t\t\t\t\trole=\"button\"\n\t\t\t\t\t\t\ttabindex=\"0\"\n\t\t\t\t\t\t\taria-label=\"Partager sur linkedin\"\n\t\t\t\t\t\t>\n\t\t\t\t\t\t\t\t\t\t\t\t\t\t\t<span class=\"elementor-share-btn__icon\">\n\t\t\t\t\t\t\t\t<i class=\"fab fa-linkedin\" aria-hidden=\"true\"><\/i>\t\t\t\t\t\t\t<\/span>\n\t\t\t\t\t\t\t\t\t\t\t\t\t\t\t\t\t\t\t\t<\/div>\n\t\t\t\t\t<\/div>\n\t\t\t\t\t\t\t\t\t<div class=\"elementor-grid-item\">\n\t\t\t\t\t\t<div\n\t\t\t\t\t\t\tclass=\"elementor-share-btn elementor-share-btn_twitter\"\n\t\t\t\t\t\t\trole=\"button\"\n\t\t\t\t\t\t\ttabindex=\"0\"\n\t\t\t\t\t\t\taria-label=\"Partager sur twitter\"\n\t\t\t\t\t\t>\n\t\t\t\t\t\t\t\t\t\t\t\t\t\t\t<span class=\"elementor-share-btn__icon\">\n\t\t\t\t\t\t\t\t<i class=\"fab fa-twitter\" aria-hidden=\"true\"><\/i>\t\t\t\t\t\t\t<\/span>\n\t\t\t\t\t\t\t\t\t\t\t\t\t\t\t\t\t\t\t\t<\/div>\n\t\t\t\t\t<\/div>\n\t\t\t\t\t\t\t\t\t<div class=\"elementor-grid-item\">\n\t\t\t\t\t\t<div\n\t\t\t\t\t\t\tclass=\"elementor-share-btn elementor-share-btn_facebook\"\n\t\t\t\t\t\t\trole=\"button\"\n\t\t\t\t\t\t\ttabindex=\"0\"\n\t\t\t\t\t\t\taria-label=\"Partager sur facebook\"\n\t\t\t\t\t\t>\n\t\t\t\t\t\t\t\t\t\t\t\t\t\t\t<span class=\"elementor-share-btn__icon\">\n\t\t\t\t\t\t\t\t<i class=\"fab fa-facebook\" aria-hidden=\"true\"><\/i>\t\t\t\t\t\t\t<\/span>\n\t\t\t\t\t\t\t\t\t\t\t\t\t\t\t\t\t\t\t\t<\/div>\n\t\t\t\t\t<\/div>\n\t\t\t\t\t\t\t\t\t<div class=\"elementor-grid-item\">\n\t\t\t\t\t\t<div\n\t\t\t\t\t\t\tclass=\"elementor-share-btn elementor-share-btn_pinterest\"\n\t\t\t\t\t\t\trole=\"button\"\n\t\t\t\t\t\t\ttabindex=\"0\"\n\t\t\t\t\t\t\taria-label=\"Partager sur pinterest\"\n\t\t\t\t\t\t>\n\t\t\t\t\t\t\t\t\t\t\t\t\t\t\t<span class=\"elementor-share-btn__icon\">\n\t\t\t\t\t\t\t\t<i class=\"fab fa-pinterest\" aria-hidden=\"true\"><\/i>\t\t\t\t\t\t\t<\/span>\n\t\t\t\t\t\t\t\t\t\t\t\t\t\t\t\t\t\t\t\t<\/div>\n\t\t\t\t\t<\/div>\n\t\t\t\t\t\t<\/div>\n\t\t\t\t<\/div>\n\t\t\t\t<\/div>\n\t\t\t\t\t<\/div>\n\t\t\t\t<\/div>\n\t\t\t\t\t<\/div>\n\t\t\t\t<\/div>\n\t\t\t\t<\/div>\n\t\t","protected":false},"excerpt":{"rendered":"<p>\u00c0 une \u00e9poque o\u00f9 l&rsquo;innovation et la technologie sont essentielles pour rester comp\u00e9titif sur le march\u00e9, l&rsquo;intelligence artificielle a le pouvoir de r\u00e9volutionner la mani\u00e8re dont nous formons nos \u00e9quipes et nos apprenants. Au travers de cas pratiques et d&rsquo;exemples concrets, ce guide explore vous aide \u00e0 comprendre comment tirer parti de l&rsquo;IA pour am\u00e9liorer [&hellip;]<\/p>\n","protected":false},"author":2,"featured_media":0,"parent":0,"menu_order":0,"comment_status":"closed","ping_status":"closed","template":"","meta":{"content-type":""},"acf":[],"_links":{"self":[{"href":"https:\/\/edusign.com\/fr\/wp-json\/wp\/v2\/pages\/15784"}],"collection":[{"href":"https:\/\/edusign.com\/fr\/wp-json\/wp\/v2\/pages"}],"about":[{"href":"https:\/\/edusign.com\/fr\/wp-json\/wp\/v2\/types\/page"}],"author":[{"embeddable":true,"href":"https:\/\/edusign.com\/fr\/wp-json\/wp\/v2\/users\/2"}],"replies":[{"embeddable":true,"href":"https:\/\/edusign.com\/fr\/wp-json\/wp\/v2\/comments?post=15784"}],"version-history":[{"count":67,"href":"https:\/\/edusign.com\/fr\/wp-json\/wp\/v2\/pages\/15784\/revisions"}],"predecessor-version":[{"id":15942,"href":"https:\/\/edusign.com\/fr\/wp-json\/wp\/v2\/pages\/15784\/revisions\/15942"}],"wp:attachment":[{"href":"https:\/\/edusign.com\/fr\/wp-json\/wp\/v2\/media?parent=15784"}],"curies":[{"name":"wp","href":"https:\/\/api.w.org\/{rel}","templated":true}]}}