{"id":11469,"date":"2023-09-19T12:30:27","date_gmt":"2023-09-19T12:30:27","guid":{"rendered":"https:\/\/edusign.com\/fr\/?page_id=11469"},"modified":"2023-09-19T12:38:25","modified_gmt":"2023-09-19T12:38:25","slug":"agences","status":"publish","type":"page","link":"https:\/\/edusign.com\/fr\/partenaires\/agences\/","title":{"rendered":"agences"},"content":{"rendered":"\t\t<div data-elementor-type=\"wp-page\" data-elementor-id=\"11469\" class=\"elementor elementor-11469\" data-elementor-post-type=\"page\">\n\t\t\t\t<div class=\"elementor-element elementor-element-e3f1068 e-flex e-con-boxed e-con e-parent\" data-id=\"e3f1068\" data-element_type=\"container\">\n\t\t\t\t\t<div class=\"e-con-inner\">\n\t\t\t\t<div class=\"elementor-element elementor-element-fb9e7d2 elementor-widget elementor-widget-heading\" data-id=\"fb9e7d2\" data-element_type=\"widget\" data-widget_type=\"heading.default\">\n\t\t\t\t<div class=\"elementor-widget-container\">\n\t\t\t<style>\/*! elementor - v3.23.0 - 05-08-2024 *\/\n.elementor-heading-title{padding:0;margin:0;line-height:1}.elementor-widget-heading .elementor-heading-title[class*=elementor-size-]>a{color:inherit;font-size:inherit;line-height:inherit}.elementor-widget-heading .elementor-heading-title.elementor-size-small{font-size:15px}.elementor-widget-heading .elementor-heading-title.elementor-size-medium{font-size:19px}.elementor-widget-heading .elementor-heading-title.elementor-size-large{font-size:29px}.elementor-widget-heading .elementor-heading-title.elementor-size-xl{font-size:39px}.elementor-widget-heading .elementor-heading-title.elementor-size-xxl{font-size:59px}<\/style><h1 class=\"elementor-heading-title elementor-size-default\">Programme Partenariat <u class=\"yellow\">Agences<\/u><\/h1>\t\t<\/div>\n\t\t\t\t<\/div>\n\t\t\t\t<div class=\"elementor-element elementor-element-8a91292 elementor-widget elementor-widget-text-editor\" data-id=\"8a91292\" data-element_type=\"widget\" data-widget_type=\"text-editor.default\">\n\t\t\t\t<div class=\"elementor-widget-container\">\n\t\t\t<style>\/*! elementor - v3.23.0 - 05-08-2024 *\/\n.elementor-widget-text-editor.elementor-drop-cap-view-stacked .elementor-drop-cap{background-color:#69727d;color:#fff}.elementor-widget-text-editor.elementor-drop-cap-view-framed .elementor-drop-cap{color:#69727d;border:3px solid;background-color:transparent}.elementor-widget-text-editor:not(.elementor-drop-cap-view-default) .elementor-drop-cap{margin-top:8px}.elementor-widget-text-editor:not(.elementor-drop-cap-view-default) .elementor-drop-cap-letter{width:1em;height:1em}.elementor-widget-text-editor .elementor-drop-cap{float:left;text-align:center;line-height:1;font-size:50px}.elementor-widget-text-editor .elementor-drop-cap-letter{display:inline-block}<\/style>\t\t\t\t<p>Vous souhaitez proposer vos services afin d&rsquo;aider nos clients \u00e0 r\u00e9pondre \u00e0 certaines probl\u00e9matiques techniques ?<br \/>Devenez Edusign Partenaire d\u00e8s maintenant.<\/p>\t\t\t\t\t\t<\/div>\n\t\t\t\t<\/div>\n\t\t\t\t\t<\/div>\n\t\t\t\t<\/div>\n\t\t<div class=\"elementor-element elementor-element-27f9795 e-flex e-con-boxed e-con e-parent\" data-id=\"27f9795\" data-element_type=\"container\">\n\t\t\t\t\t<div class=\"e-con-inner\">\n\t\t\t\t<div class=\"elementor-element elementor-element-1e952e7 elementor-align-center button-y-b elementor-widget elementor-widget-button\" data-id=\"1e952e7\" data-element_type=\"widget\" data-widget_type=\"button.default\">\n\t\t\t\t<div class=\"elementor-widget-container\">\n\t\t\t\t\t<div class=\"elementor-button-wrapper\">\n\t\t\t<a class=\"elementor-button elementor-button-link elementor-size-sm\" href=\"#form-partner\">\n\t\t\t\t\t\t<span class=\"elementor-button-content-wrapper\">\n\t\t\t\t\t\t\t\t\t<span class=\"elementor-button-text\">Postuler maintenant<\/span>\n\t\t\t\t\t<\/span>\n\t\t\t\t\t<\/a>\n\t\t<\/div>\n\t\t\t\t<\/div>\n\t\t\t\t<\/div>\n\t\t\t\t\t<\/div>\n\t\t\t\t<\/div>\n\t\t<div class=\"elementor-element elementor-element-d3797e3 e-flex e-con-boxed e-con e-parent\" data-id=\"d3797e3\" data-element_type=\"container\">\n\t\t\t\t\t<div class=\"e-con-inner\">\n\t\t<div class=\"elementor-element elementor-element-81b2590 e-con-full e-flex e-con e-child\" data-id=\"81b2590\" data-element_type=\"container\">\n\t\t\t\t<div class=\"elementor-element elementor-element-4dd98a3 elementor-widget__width-initial elementor-widget elementor-widget-image\" data-id=\"4dd98a3\" data-element_type=\"widget\" data-widget_type=\"image.default\">\n\t\t\t\t<div class=\"elementor-widget-container\">\n\t\t\t<style>\/*! elementor - v3.23.0 - 05-08-2024 *\/\n.elementor-widget-image{text-align:center}.elementor-widget-image a{display:inline-block}.elementor-widget-image a img[src$=\".svg\"]{width:48px}.elementor-widget-image img{vertical-align:middle;display:inline-block}<\/style>\t\t\t\t\t\t\t\t\t\t<img fetchpriority=\"high\" decoding=\"async\" width=\"500\" height=\"500\" src=\"https:\/\/edusign.com\/fr\/wp-content\/uploads\/sites\/2\/2023\/09\/Satisfaction.png\" class=\"attachment-large size-large wp-image-11432\" alt=\"\" srcset=\"https:\/\/edusign.com\/fr\/wp-content\/uploads\/sites\/2\/2023\/09\/Satisfaction.png 500w, https:\/\/edusign.com\/fr\/wp-content\/uploads\/sites\/2\/2023\/09\/Satisfaction-300x300.png 300w, https:\/\/edusign.com\/fr\/wp-content\/uploads\/sites\/2\/2023\/09\/Satisfaction-150x150.png 150w, https:\/\/edusign.com\/fr\/wp-content\/uploads\/sites\/2\/2023\/09\/elementor\/thumbs\/Satisfaction-qcn2t4d4zcl2o65xh5yt4grtpzw00qz51v1c59tbgk.png 250w\" sizes=\"(max-width: 500px) 100vw, 500px\" \/>\t\t\t\t\t\t\t\t\t\t\t\t\t<\/div>\n\t\t\t\t<\/div>\n\t\t\t\t<\/div>\n\t\t<div class=\"elementor-element elementor-element-d248783 e-con-full e-flex e-con e-child\" data-id=\"d248783\" data-element_type=\"container\">\n\t\t\t\t<div class=\"elementor-element elementor-element-9142441 elementor-widget elementor-widget-heading\" data-id=\"9142441\" data-element_type=\"widget\" data-widget_type=\"heading.default\">\n\t\t\t\t<div class=\"elementor-widget-container\">\n\t\t\t<h2 class=\"elementor-heading-title elementor-size-default\">On vous fournit des clients<\/h2>\t\t<\/div>\n\t\t\t\t<\/div>\n\t\t\t\t<div class=\"elementor-element elementor-element-b18201e elementor-widget elementor-widget-text-editor\" data-id=\"b18201e\" data-element_type=\"widget\" data-widget_type=\"text-editor.default\">\n\t\t\t\t<div class=\"elementor-widget-container\">\n\t\t\t\t\t\t\t<p>Devenezpartenaire technologique Edusign pour offrir une solution exclusive \u00e0 vos clients en int\u00e9grant notre solution gr\u00e2ce \u00e0 notre API.<\/p><p>Offrez une exp\u00e9rience utilisateur unique \u00e0 vos clients.<\/p>\t\t\t\t\t\t<\/div>\n\t\t\t\t<\/div>\n\t\t\t\t<\/div>\n\t\t\t\t\t<\/div>\n\t\t\t\t<\/div>\n\t\t<div class=\"elementor-element elementor-element-5465643 e-flex e-con-boxed e-con e-parent\" data-id=\"5465643\" data-element_type=\"container\">\n\t\t\t\t\t<div class=\"e-con-inner\">\n\t\t<div class=\"elementor-element elementor-element-33235da e-con-full e-flex e-con e-child\" data-id=\"33235da\" data-element_type=\"container\">\n\t\t\t\t<div class=\"elementor-element elementor-element-26cfde8 elementor-widget elementor-widget-image\" data-id=\"26cfde8\" data-element_type=\"widget\" data-widget_type=\"image.default\">\n\t\t\t\t<div class=\"elementor-widget-container\">\n\t\t\t\t\t\t\t\t\t\t\t\t\t<img decoding=\"async\" width=\"500\" height=\"353\" src=\"https:\/\/edusign.com\/fr\/wp-content\/uploads\/sites\/2\/2023\/09\/idee-innovante-e1678699232154.png\" class=\"attachment-large size-large wp-image-11411\" alt=\"\" srcset=\"https:\/\/edusign.com\/fr\/wp-content\/uploads\/sites\/2\/2023\/09\/idee-innovante-e1678699232154.png 500w, https:\/\/edusign.com\/fr\/wp-content\/uploads\/sites\/2\/2023\/09\/idee-innovante-e1678699232154-300x212.png 300w\" sizes=\"(max-width: 500px) 100vw, 500px\" \/>\t\t\t\t\t\t\t\t\t\t\t\t\t<\/div>\n\t\t\t\t<\/div>\n\t\t\t\t<\/div>\n\t\t<div class=\"elementor-element elementor-element-c9b2a9b e-con-full e-flex e-con e-child\" data-id=\"c9b2a9b\" data-element_type=\"container\">\n\t\t\t\t<div class=\"elementor-element elementor-element-a8994c8 elementor-widget elementor-widget-heading\" data-id=\"a8994c8\" data-element_type=\"widget\" data-widget_type=\"heading.default\">\n\t\t\t\t<div class=\"elementor-widget-container\">\n\t\t\t<h2 class=\"elementor-heading-title elementor-size-default\">Parce que chacun est unique<\/h2>\t\t<\/div>\n\t\t\t\t<\/div>\n\t\t\t\t<div class=\"elementor-element elementor-element-539ef26 elementor-widget elementor-widget-text-editor\" data-id=\"539ef26\" data-element_type=\"widget\" data-widget_type=\"text-editor.default\">\n\t\t\t\t<div class=\"elementor-widget-container\">\n\t\t\t\t\t\t\t<p>Edusign est con\u00e7ue pour <a href=\"https:\/\/edusign.com\/fr\/emargement-en-presentiel\/\">simplifier et num\u00e9riser les processus d&rsquo;\u00e9margement<\/a>. Nos clients sont tous tr\u00e8s diff\u00e9rents, en tant que partenaire Edusign, proposez des int\u00e9grations sp\u00e9cifiques \u00e0 chaque client et recevez des propositions de missions adapt\u00e9es.<\/p>\t\t\t\t\t\t<\/div>\n\t\t\t\t<\/div>\n\t\t\t\t<\/div>\n\t\t\t\t\t<\/div>\n\t\t\t\t<\/div>\n\t\t<div class=\"elementor-element elementor-element-b8c127f e-flex e-con-boxed e-con e-parent\" data-id=\"b8c127f\" data-element_type=\"container\">\n\t\t\t\t\t<div class=\"e-con-inner\">\n\t\t\t\t<div class=\"elementor-element elementor-element-ee072ce elementor-widget elementor-widget-heading\" data-id=\"ee072ce\" data-element_type=\"widget\" data-widget_type=\"heading.default\">\n\t\t\t\t<div class=\"elementor-widget-container\">\n\t\t\t<h2 class=\"elementor-heading-title elementor-size-default\">D\u00e9veloppez des liaisons parfaites<\/h2>\t\t<\/div>\n\t\t\t\t<\/div>\n\t\t<div class=\"elementor-element elementor-element-1b5607d e-flex e-con-boxed e-con e-child\" data-id=\"1b5607d\" data-element_type=\"container\">\n\t\t\t\t\t<div class=\"e-con-inner\">\n\t\t<div class=\"elementor-element elementor-element-2748931 e-flex e-con-boxed e-con e-child\" data-id=\"2748931\" data-element_type=\"container\">\n\t\t\t\t\t<div class=\"e-con-inner\">\n\t\t\t\t<div class=\"elementor-element elementor-element-4495fd0 elementor-widget elementor-widget-image\" data-id=\"4495fd0\" data-element_type=\"widget\" data-widget_type=\"image.default\">\n\t\t\t\t<div class=\"elementor-widget-container\">\n\t\t\t\t\t\t\t\t\t\t\t\t\t<img decoding=\"async\" width=\"300\" height=\"202\" src=\"https:\/\/edusign.com\/fr\/wp-content\/uploads\/sites\/2\/2023\/09\/handshake-deal-e1678698447993-300x202.png\" class=\"attachment-medium size-medium wp-image-11412\" alt=\"\" srcset=\"https:\/\/edusign.com\/fr\/wp-content\/uploads\/sites\/2\/2023\/09\/handshake-deal-e1678698447993-300x202.png 300w, https:\/\/edusign.com\/fr\/wp-content\/uploads\/sites\/2\/2023\/09\/handshake-deal-e1678698447993.png 500w\" sizes=\"(max-width: 300px) 100vw, 300px\" \/>\t\t\t\t\t\t\t\t\t\t\t\t\t<\/div>\n\t\t\t\t<\/div>\n\t\t\t\t<div class=\"elementor-element elementor-element-dad9543 elementor-widget elementor-widget-text-editor\" data-id=\"dad9543\" data-element_type=\"widget\" data-widget_type=\"text-editor.default\">\n\t\t\t\t<div class=\"elementor-widget-container\">\n\t\t\t\t\t\t\t<p><strong>Devenez partenaire<\/strong><br \/>Envoyez vos candidatures avec le formulaire ci-dessous<\/p>\t\t\t\t\t\t<\/div>\n\t\t\t\t<\/div>\n\t\t\t\t\t<\/div>\n\t\t\t\t<\/div>\n\t\t<div class=\"elementor-element elementor-element-12f6165 e-flex e-con-boxed e-con e-child\" data-id=\"12f6165\" data-element_type=\"container\">\n\t\t\t\t\t<div class=\"e-con-inner\">\n\t\t\t\t<div class=\"elementor-element elementor-element-58a4f23 elementor-widget elementor-widget-image\" data-id=\"58a4f23\" data-element_type=\"widget\" data-widget_type=\"image.default\">\n\t\t\t\t<div class=\"elementor-widget-container\">\n\t\t\t\t\t\t\t\t\t\t\t\t\t<img decoding=\"async\" src=\"https:\/\/edusign.com\/fr\/wp-content\/uploads\/sites\/2\/elementor\/thumbs\/developpement-dune-idee-e1678700179893-qh4s9l4gutherbsmaz9rd145genmzv5cmikipdd7ww.png\" title=\"developpement-dune-idee-e1678700179893\" alt=\"developpement-dune-idee-e1678700179893\" loading=\"lazy\" \/>\t\t\t\t\t\t\t\t\t\t\t\t\t<\/div>\n\t\t\t\t<\/div>\n\t\t\t\t<div class=\"elementor-element elementor-element-bcdc75e elementor-widget elementor-widget-text-editor\" data-id=\"bcdc75e\" data-element_type=\"widget\" data-widget_type=\"text-editor.default\">\n\t\t\t\t<div class=\"elementor-widget-container\">\n\t\t\t\t\t\t\t<p><strong>D\u00e9veloppez des liaisons<\/strong><br \/>Pour chaque client poss\u00e9dant un logiciel unique<\/p>\t\t\t\t\t\t<\/div>\n\t\t\t\t<\/div>\n\t\t\t\t\t<\/div>\n\t\t\t\t<\/div>\n\t\t<div class=\"elementor-element elementor-element-cd63ea4 e-flex e-con-boxed e-con e-child\" data-id=\"cd63ea4\" data-element_type=\"container\">\n\t\t\t\t\t<div class=\"e-con-inner\">\n\t\t\t\t<div class=\"elementor-element elementor-element-af3f4a6 elementor-widget elementor-widget-image\" data-id=\"af3f4a6\" data-element_type=\"widget\" data-widget_type=\"image.default\">\n\t\t\t\t<div class=\"elementor-widget-container\">\n\t\t\t\t\t\t\t\t\t\t\t\t\t<img decoding=\"async\" src=\"https:\/\/edusign.com\/fr\/wp-content\/uploads\/sites\/2\/elementor\/thumbs\/Money-motivation-_Monochromatic-min-e1678699348263-qh4s9hd43hc9gvy2wxn9322b2v6652qf9zyks9isls.png\" title=\"Money-motivation-_Monochromatic-min-e1678699348263\" alt=\"Money-motivation-_Monochromatic-min-e1678699348263\" loading=\"lazy\" \/>\t\t\t\t\t\t\t\t\t\t\t\t\t<\/div>\n\t\t\t\t<\/div>\n\t\t\t\t<div class=\"elementor-element elementor-element-a3df378 elementor-widget elementor-widget-text-editor\" data-id=\"a3df378\" data-element_type=\"widget\" data-widget_type=\"text-editor.default\">\n\t\t\t\t<div class=\"elementor-widget-container\">\n\t\t\t\t\t\t\t<p><strong>Recevez des clients<\/strong><br \/>Profitez de missions exclusives gratuitement<\/p>\t\t\t\t\t\t<\/div>\n\t\t\t\t<\/div>\n\t\t\t\t\t<\/div>\n\t\t\t\t<\/div>\n\t\t\t\t\t<\/div>\n\t\t\t\t<\/div>\n\t\t\t\t\t<\/div>\n\t\t\t\t<\/div>\n\t\t<div class=\"elementor-element elementor-element-e44dcca e-flex e-con-boxed e-con e-parent\" data-id=\"e44dcca\" data-element_type=\"container\" id=\"form-partner\">\n\t\t\t\t\t<div class=\"e-con-inner\">\n\t\t\t\t<div class=\"elementor-element elementor-element-469cbda elementor-widget elementor-widget-heading\" data-id=\"469cbda\" data-element_type=\"widget\" data-widget_type=\"heading.default\">\n\t\t\t\t<div class=\"elementor-widget-container\">\n\t\t\t<h2 class=\"elementor-heading-title elementor-size-default\">Formulaire\n<\/h2>\t\t<\/div>\n\t\t\t\t<\/div>\n\t\t\t\t<div class=\"elementor-element elementor-element-744b2c3 elementor-widget elementor-widget-shortcode\" data-id=\"744b2c3\" data-element_type=\"widget\" data-widget_type=\"shortcode.default\">\n\t\t\t\t<div class=\"elementor-widget-container\">\n\t\t\t\t\t<div class=\"elementor-shortcode\">\n\t\t\t\t\t<script>\n\t\t\t\t\t\twindow.hsFormsOnReady = window.hsFormsOnReady || [];\n\t\t\t\t\t\twindow.hsFormsOnReady.push(()=>{\n\t\t\t\t\t\t\thbspt.forms.create({\n\t\t\t\t\t\t\t\tportalId: 25774793,\n\t\t\t\t\t\t\t\tformId: \"b054ea7b-5bf4-4833-81c2-04e5bbb65329\",\n\t\t\t\t\t\t\t\ttarget: \"#hbspt-form-1777437987000-4422038602\",\n\t\t\t\t\t\t\t\tregion: \"eu1\",\n\t\t\t\t\t\t\t\t\n\t\t\t\t\t\t})});\n\t\t\t\t\t<\/script>\n\t\t\t\t\t<div class=\"hbspt-form\" id=\"hbspt-form-1777437987000-4422038602\"><\/div><\/div>\n\t\t\t\t<\/div>\n\t\t\t\t<\/div>\n\t\t\t\t\t<\/div>\n\t\t\t\t<\/div>\n\t\t<div class=\"elementor-element elementor-element-3d5d9c3 e-flex e-con-boxed e-con e-parent\" data-id=\"3d5d9c3\" data-element_type=\"container\">\n\t\t\t\t\t<div class=\"e-con-inner\">\n\t\t\t\t<div class=\"elementor-element elementor-element-7bb202c elementor-widget elementor-widget-heading\" data-id=\"7bb202c\" data-element_type=\"widget\" data-widget_type=\"heading.default\">\n\t\t\t\t<div class=\"elementor-widget-container\">\n\t\t\t<h2 class=\"elementor-heading-title elementor-size-default\">FAQ<\/h2>\t\t<\/div>\n\t\t\t\t<\/div>\n\t\t\t\t<div class=\"elementor-element elementor-element-2be45a8 elementor-widget elementor-widget-accordion\" data-id=\"2be45a8\" data-element_type=\"widget\" data-widget_type=\"accordion.default\">\n\t\t\t\t<div class=\"elementor-widget-container\">\n\t\t\t<style>\/*! elementor - v3.23.0 - 05-08-2024 *\/\n.elementor-accordion{text-align:start}.elementor-accordion .elementor-accordion-item{border:1px solid #d5d8dc}.elementor-accordion .elementor-accordion-item+.elementor-accordion-item{border-top:none}.elementor-accordion .elementor-tab-title{margin:0;padding:15px 20px;font-weight:700;line-height:1;cursor:pointer;outline:none}.elementor-accordion .elementor-tab-title .elementor-accordion-icon{display:inline-block;width:1.5em}.elementor-accordion .elementor-tab-title .elementor-accordion-icon svg{width:1em;height:1em}.elementor-accordion .elementor-tab-title .elementor-accordion-icon.elementor-accordion-icon-right{float:right;text-align:right}.elementor-accordion .elementor-tab-title .elementor-accordion-icon.elementor-accordion-icon-left{float:left;text-align:left}.elementor-accordion .elementor-tab-title .elementor-accordion-icon .elementor-accordion-icon-closed{display:block}.elementor-accordion .elementor-tab-title .elementor-accordion-icon .elementor-accordion-icon-opened,.elementor-accordion .elementor-tab-title.elementor-active .elementor-accordion-icon-closed{display:none}.elementor-accordion .elementor-tab-title.elementor-active .elementor-accordion-icon-opened{display:block}.elementor-accordion .elementor-tab-content{display:none;padding:15px 20px;border-top:1px solid #d5d8dc}@media (max-width:767px){.elementor-accordion .elementor-tab-title{padding:12px 15px}.elementor-accordion .elementor-tab-title .elementor-accordion-icon{width:1.2em}.elementor-accordion .elementor-tab-content{padding:7px 15px}}.e-con-inner>.elementor-widget-accordion,.e-con>.elementor-widget-accordion{width:var(--container-widget-width);--flex-grow:var(--container-widget-flex-grow)}<\/style>\t\t<div class=\"elementor-accordion\">\n\t\t\t\t\t\t\t<div class=\"elementor-accordion-item\">\n\t\t\t\t\t<div id=\"elementor-tab-title-4601\" class=\"elementor-tab-title\" data-tab=\"1\" role=\"button\" aria-controls=\"elementor-tab-content-4601\" aria-expanded=\"false\">\n\t\t\t\t\t\t\t\t\t\t\t\t\t<span class=\"elementor-accordion-icon elementor-accordion-icon-left\" aria-hidden=\"true\">\n\t\t\t\t\t\t\t\t\t\t\t\t\t\t\t<span class=\"elementor-accordion-icon-closed\"><i class=\"fas fa-plus\"><\/i><\/span>\n\t\t\t\t\t\t\t\t<span class=\"elementor-accordion-icon-opened\"><i class=\"fas fa-minus\"><\/i><\/span>\n\t\t\t\t\t\t\t\t\t\t\t\t\t\t<\/span>\n\t\t\t\t\t\t\t\t\t\t\t\t<a class=\"elementor-accordion-title\" tabindex=\"0\">Qu'est ce que le Programme d'Affiliation Edusign ?<\/a>\n\t\t\t\t\t<\/div>\n\t\t\t\t\t<div id=\"elementor-tab-content-4601\" class=\"elementor-tab-content elementor-clearfix\" data-tab=\"1\" role=\"region\" aria-labelledby=\"elementor-tab-title-4601\"><p>Le Programme d&rsquo;Affiliation Edusign r\u00e9unit des professionnels qui conseillent \u00e0 leurs clients d&rsquo;opter pour un syst\u00e8me d&rsquo;\u00e9margement performant, s\u00e9curis\u00e9 et digital. L&rsquo;adh\u00e9sion est gratuite, et permet aux affili\u00e9s de toucher des commissions pour chaque nouveau client parrain\u00e9 sur Edusign.<\/p><\/div>\n\t\t\t\t<\/div>\n\t\t\t\t\t\t\t<div class=\"elementor-accordion-item\">\n\t\t\t\t\t<div id=\"elementor-tab-title-4602\" class=\"elementor-tab-title\" data-tab=\"2\" role=\"button\" aria-controls=\"elementor-tab-content-4602\" aria-expanded=\"false\">\n\t\t\t\t\t\t\t\t\t\t\t\t\t<span class=\"elementor-accordion-icon elementor-accordion-icon-left\" aria-hidden=\"true\">\n\t\t\t\t\t\t\t\t\t\t\t\t\t\t\t<span class=\"elementor-accordion-icon-closed\"><i class=\"fas fa-plus\"><\/i><\/span>\n\t\t\t\t\t\t\t\t<span class=\"elementor-accordion-icon-opened\"><i class=\"fas fa-minus\"><\/i><\/span>\n\t\t\t\t\t\t\t\t\t\t\t\t\t\t<\/span>\n\t\t\t\t\t\t\t\t\t\t\t\t<a class=\"elementor-accordion-title\" tabindex=\"0\">Quels sont les diff\u00e9rents Programmes d'Affiliation Edusign ?<\/a>\n\t\t\t\t\t<\/div>\n\t\t\t\t\t<div id=\"elementor-tab-content-4602\" class=\"elementor-tab-content elementor-clearfix\" data-tab=\"2\" role=\"region\" aria-labelledby=\"elementor-tab-title-4602\"><p>Il y a <a href=\"https:\/\/edusign.com\/fr\/partenaires\/\">3 types de partenariat<\/a> possibles avec Edusign :<\/p><ul><li>Affiliation avec Edusign (Promouvoir Edusign \u00e0 ses clients)<\/li><li>Partenariat Tech (Int\u00e9grer Edusign dans un aure logiciel)<\/li><li>Partenariat Agence (D\u00e9velopper des liaisons pour des clients d&rsquo;Edusign)<\/li><\/ul><\/div>\n\t\t\t\t<\/div>\n\t\t\t\t\t\t\t<div class=\"elementor-accordion-item\">\n\t\t\t\t\t<div id=\"elementor-tab-title-4603\" class=\"elementor-tab-title\" data-tab=\"3\" role=\"button\" aria-controls=\"elementor-tab-content-4603\" aria-expanded=\"false\">\n\t\t\t\t\t\t\t\t\t\t\t\t\t<span class=\"elementor-accordion-icon elementor-accordion-icon-left\" aria-hidden=\"true\">\n\t\t\t\t\t\t\t\t\t\t\t\t\t\t\t<span class=\"elementor-accordion-icon-closed\"><i class=\"fas fa-plus\"><\/i><\/span>\n\t\t\t\t\t\t\t\t<span class=\"elementor-accordion-icon-opened\"><i class=\"fas fa-minus\"><\/i><\/span>\n\t\t\t\t\t\t\t\t\t\t\t\t\t\t<\/span>\n\t\t\t\t\t\t\t\t\t\t\t\t<a class=\"elementor-accordion-title\" tabindex=\"0\">Quelles conditions dois-je remplir pour postuler ?<\/a>\n\t\t\t\t\t<\/div>\n\t\t\t\t\t<div id=\"elementor-tab-content-4603\" class=\"elementor-tab-content elementor-clearfix\" data-tab=\"3\" role=\"region\" aria-labelledby=\"elementor-tab-title-4603\"><p>Afin d&rsquo;envoyer votre candidature, il vous suffit de remplir le formulaire. Ainsi, nos \u00e9quipes analyserons votre candidature, et vous recontacterons pour vous annoncer la r\u00e9ponse.<\/p><\/div>\n\t\t\t\t<\/div>\n\t\t\t\t\t\t\t<div class=\"elementor-accordion-item\">\n\t\t\t\t\t<div id=\"elementor-tab-title-4604\" class=\"elementor-tab-title\" data-tab=\"4\" role=\"button\" aria-controls=\"elementor-tab-content-4604\" aria-expanded=\"false\">\n\t\t\t\t\t\t\t\t\t\t\t\t\t<span class=\"elementor-accordion-icon elementor-accordion-icon-left\" aria-hidden=\"true\">\n\t\t\t\t\t\t\t\t\t\t\t\t\t\t\t<span class=\"elementor-accordion-icon-closed\"><i class=\"fas fa-plus\"><\/i><\/span>\n\t\t\t\t\t\t\t\t<span class=\"elementor-accordion-icon-opened\"><i class=\"fas fa-minus\"><\/i><\/span>\n\t\t\t\t\t\t\t\t\t\t\t\t\t\t<\/span>\n\t\t\t\t\t\t\t\t\t\t\t\t<a class=\"elementor-accordion-title\" tabindex=\"0\">Comment saurai-je si ma candidature est accept\u00e9e ?<\/a>\n\t\t\t\t\t<\/div>\n\t\t\t\t\t<div id=\"elementor-tab-content-4604\" class=\"elementor-tab-content elementor-clearfix\" data-tab=\"4\" role=\"region\" aria-labelledby=\"elementor-tab-title-4604\"><p>Apr\u00e8s avoir \u00e9tudi\u00e9 attentivement votre candidature, nos \u00e9quipes vous enverront une r\u00e9ponse par mail. Si votre candidature est retenue, vous recevrez alors votre lien d&rsquo;affiliation, et toutes les informations n\u00e9cessaires.<\/p><\/div>\n\t\t\t\t<\/div>\n\t\t\t\t\t\t\t<div class=\"elementor-accordion-item\">\n\t\t\t\t\t<div id=\"elementor-tab-title-4605\" class=\"elementor-tab-title\" data-tab=\"5\" role=\"button\" aria-controls=\"elementor-tab-content-4605\" aria-expanded=\"false\">\n\t\t\t\t\t\t\t\t\t\t\t\t\t<span class=\"elementor-accordion-icon elementor-accordion-icon-left\" aria-hidden=\"true\">\n\t\t\t\t\t\t\t\t\t\t\t\t\t\t\t<span class=\"elementor-accordion-icon-closed\"><i class=\"fas fa-plus\"><\/i><\/span>\n\t\t\t\t\t\t\t\t<span class=\"elementor-accordion-icon-opened\"><i class=\"fas fa-minus\"><\/i><\/span>\n\t\t\t\t\t\t\t\t\t\t\t\t\t\t<\/span>\n\t\t\t\t\t\t\t\t\t\t\t\t<a class=\"elementor-accordion-title\" tabindex=\"0\">Comment fonctionne le partenariat ?<\/a>\n\t\t\t\t\t<\/div>\n\t\t\t\t\t<div id=\"elementor-tab-content-4605\" class=\"elementor-tab-content elementor-clearfix\" data-tab=\"5\" role=\"region\" aria-labelledby=\"elementor-tab-title-4605\"><p>Apr\u00e8s votre candidature, nous vous contacterons par e-mail pour vous informer du statut de votre dossier et vous communiquer les informations \u00e0 propos de votre demande.<\/p><\/div>\n\t\t\t\t<\/div>\n\t\t\t\t\t\t\t\t<\/div>\n\t\t\t\t<\/div>\n\t\t\t\t<\/div>\n\t\t\t\t\t<\/div>\n\t\t\t\t<\/div>\n\t\t\t\t<\/div>\n\t\t","protected":false},"excerpt":{"rendered":"<p>Programme Partenariat Agences Vous souhaitez proposer vos services afin d&rsquo;aider nos clients \u00e0 r\u00e9pondre \u00e0 certaines probl\u00e9matiques techniques ?Devenez Edusign Partenaire d\u00e8s maintenant. Postuler maintenant On vous fournit des clients Devenezpartenaire technologique Edusign pour offrir une solution exclusive \u00e0 vos clients en int\u00e9grant notre solution gr\u00e2ce \u00e0 notre API. Offrez une exp\u00e9rience utilisateur unique \u00e0 [&hellip;]<\/p>\n","protected":false},"author":2,"featured_media":0,"parent":11288,"menu_order":0,"comment_status":"closed","ping_status":"closed","template":"","meta":{"content-type":""},"acf":[],"_links":{"self":[{"href":"https:\/\/edusign.com\/fr\/wp-json\/wp\/v2\/pages\/11469"}],"collection":[{"href":"https:\/\/edusign.com\/fr\/wp-json\/wp\/v2\/pages"}],"about":[{"href":"https:\/\/edusign.com\/fr\/wp-json\/wp\/v2\/types\/page"}],"author":[{"embeddable":true,"href":"https:\/\/edusign.com\/fr\/wp-json\/wp\/v2\/users\/2"}],"replies":[{"embeddable":true,"href":"https:\/\/edusign.com\/fr\/wp-json\/wp\/v2\/comments?post=11469"}],"version-history":[{"count":8,"href":"https:\/\/edusign.com\/fr\/wp-json\/wp\/v2\/pages\/11469\/revisions"}],"predecessor-version":[{"id":11479,"href":"https:\/\/edusign.com\/fr\/wp-json\/wp\/v2\/pages\/11469\/revisions\/11479"}],"up":[{"embeddable":true,"href":"https:\/\/edusign.com\/fr\/wp-json\/wp\/v2\/pages\/11288"}],"wp:attachment":[{"href":"https:\/\/edusign.com\/fr\/wp-json\/wp\/v2\/media?parent=11469"}],"curies":[{"name":"wp","href":"https:\/\/api.w.org\/{rel}","templated":true}]}}