{"id":11178,"date":"2023-09-19T08:22:54","date_gmt":"2023-09-19T08:22:54","guid":{"rendered":"https:\/\/edusign.com\/fr\/?page_id=11178"},"modified":"2024-09-19T08:31:23","modified_gmt":"2024-09-19T08:31:23","slug":"start-up-nouvel-organisme-programme","status":"publish","type":"page","link":"https:\/\/edusign.com\/fr\/start-up-nouvel-organisme-programme\/","title":{"rendered":"Start up New OF programme"},"content":{"rendered":"\t\t<div data-elementor-type=\"wp-page\" data-elementor-id=\"11178\" class=\"elementor elementor-11178\" data-elementor-post-type=\"page\">\n\t\t\t\t<div class=\"elementor-element elementor-element-01243e7 e-flex e-con-boxed e-con e-parent\" data-id=\"01243e7\" data-element_type=\"container\">\n\t\t\t\t\t<div class=\"e-con-inner\">\n\t\t<div class=\"elementor-element elementor-element-f79651f e-flex e-con-boxed e-con e-child\" data-id=\"f79651f\" data-element_type=\"container\">\n\t\t\t\t\t<div class=\"e-con-inner\">\n\t\t\t\t<div class=\"elementor-element elementor-element-4d966b5 elementor-position-left elementor-vertical-align-middle elementor-view-default elementor-mobile-position-top elementor-widget elementor-widget-icon-box\" data-id=\"4d966b5\" data-element_type=\"widget\" data-widget_type=\"icon-box.default\">\n\t\t\t\t<div class=\"elementor-widget-container\">\n\t\t\t<link rel=\"stylesheet\" href=\"https:\/\/edusign.com\/fr\/wp-content\/plugins\/elementor\/assets\/css\/widget-icon-box.min.css\">\t\t<div class=\"elementor-icon-box-wrapper\">\n\n\t\t\t\t\t\t<div class=\"elementor-icon-box-icon\">\n\t\t\t\t<span  class=\"elementor-icon elementor-animation-\">\n\t\t\t\t<svg xmlns=\"http:\/\/www.w3.org\/2000\/svg\" width=\"53\" height=\"53\" viewBox=\"0 0 53 53\" fill=\"none\"><path d=\"M26.5 3.34912L3.75 16.3491V21.7658H49.25V16.3491L26.5 3.34912Z\" stroke=\"black\" stroke-width=\"2\" stroke-miterlimit=\"10\" stroke-linecap=\"square\"><\/path><path d=\"M33 43.4324V27.1824\" stroke=\"black\" stroke-width=\"2\" stroke-miterlimit=\"10\" stroke-linecap=\"square\"><\/path><path d=\"M13.5 43.4324V27.1824\" stroke=\"black\" stroke-width=\"2\" stroke-miterlimit=\"10\" stroke-linecap=\"square\"><\/path><path d=\"M7 43.4324V27.1824\" stroke=\"black\" stroke-width=\"2\" stroke-miterlimit=\"10\" stroke-linecap=\"square\"><\/path><path d=\"M20 27.1824V43.4324\" stroke=\"black\" stroke-width=\"2\" stroke-miterlimit=\"10\" stroke-linecap=\"square\"><\/path><path d=\"M26.5 27.1824V43.4324\" stroke=\"black\" stroke-width=\"2\" stroke-miterlimit=\"10\" stroke-linecap=\"square\"><\/path><path d=\"M39.5 43.4324V27.1824\" stroke=\"black\" stroke-width=\"2\" stroke-miterlimit=\"10\" stroke-linecap=\"square\"><\/path><path d=\"M46 43.4324V27.1824\" stroke=\"black\" stroke-width=\"2\" stroke-miterlimit=\"10\" stroke-linecap=\"square\"><\/path><path d=\"M26.5 16.3491C28.2949 16.3491 29.75 14.894 29.75 13.0991C29.75 11.3042 28.2949 9.84912 26.5 9.84912C24.7051 9.84912 23.25 11.3042 23.25 13.0991C23.25 14.894 24.7051 16.3491 26.5 16.3491Z\" stroke=\"black\" stroke-width=\"2\" stroke-miterlimit=\"10\" stroke-linecap=\"square\"><\/path><path d=\"M49.25 43.4324H3.75V48.849H49.25V43.4324Z\" stroke=\"black\" stroke-width=\"2\" stroke-miterlimit=\"10\" stroke-linecap=\"square\"><\/path><\/svg>\t\t\t\t<\/span>\n\t\t\t<\/div>\n\t\t\t\n\t\t\t\t\t\t<div class=\"elementor-icon-box-content\">\n\n\t\t\t\t\t\t\t\t\t<h1 class=\"elementor-icon-box-title\">\n\t\t\t\t\t\t<span  >\n\t\t\t\t\t\t\tNouvel organisme ? Startup ?\t\t\t\t\t\t<\/span>\n\t\t\t\t\t<\/h1>\n\t\t\t\t\n\t\t\t\t\n\t\t\t<\/div>\n\t\t\t\n\t\t<\/div>\n\t\t\t\t<\/div>\n\t\t\t\t<\/div>\n\t\t\t\t<div class=\"elementor-element elementor-element-b248272 elementor-widget elementor-widget-text-editor\" data-id=\"b248272\" data-element_type=\"widget\" data-widget_type=\"text-editor.default\">\n\t\t\t\t<div class=\"elementor-widget-container\">\n\t\t\t<style>\/*! elementor - v3.23.0 - 05-08-2024 *\/\n.elementor-widget-text-editor.elementor-drop-cap-view-stacked .elementor-drop-cap{background-color:#69727d;color:#fff}.elementor-widget-text-editor.elementor-drop-cap-view-framed .elementor-drop-cap{color:#69727d;border:3px solid;background-color:transparent}.elementor-widget-text-editor:not(.elementor-drop-cap-view-default) .elementor-drop-cap{margin-top:8px}.elementor-widget-text-editor:not(.elementor-drop-cap-view-default) .elementor-drop-cap-letter{width:1em;height:1em}.elementor-widget-text-editor .elementor-drop-cap{float:left;text-align:center;line-height:1;font-size:50px}.elementor-widget-text-editor .elementor-drop-cap-letter{display:inline-block}<\/style>\t\t\t\t<p>B\u00e9n\u00e9ficiez d&rsquo;un acc\u00e8s \u00e0 Edusign <strong>6 mois gratuit<\/strong>\u00a0pour vous aider \u00e0 d\u00e9marrer.<\/p>\t\t\t\t\t\t<\/div>\n\t\t\t\t<\/div>\n\t\t\t\t<div class=\"elementor-element elementor-element-43cb1dd elementor-widget elementor-widget-html\" data-id=\"43cb1dd\" data-element_type=\"widget\" data-widget_type=\"html.default\">\n\t\t\t\t<div class=\"elementor-widget-container\">\n\t\t\t<script charset=\"utf-8\" type=\"text\/javascript\" src=\"\/\/js.hsforms.net\/forms\/shell.js\"><\/script>\n<script>\nfunction readCookie(name) {\n    name += '=';\n    for (var ca = document.cookie.split(\/;\\s*\/), i = ca.length - 1; i >= 0; i--)\n        if (!ca[i].indexOf(name))\n            return ca[i].replace(name, '');\n}\nfunction VMO_conversion(){\n    window.VWO = window.VWO || [];\n\tVWO.event = VWO.event || function () {VWO.push([\"event\"].concat([].slice.call(arguments)))};\n\n\t\/\/ Replace the property values with your actual values\n\tVWO.event(\"contactFormStartup\", {\n\t\t\"formFilled\": true\n\t});\n\treturn false;\n}\nhbspt.forms.create({\n    region: \"eu1\",\n    portalId: \"25774793\",\n    formId: \"76681739-21e6-4208-90be-a91bc8db6438\",\n    onFormSubmitted: function($form, data){\n        VMO_conversion();\n    }\n});\n<\/script>\t\t<\/div>\n\t\t\t\t<\/div>\n\t\t\t\t\t<\/div>\n\t\t\t\t<\/div>\n\t\t<div class=\"elementor-element elementor-element-524db1f e-flex e-con-boxed e-con e-child\" data-id=\"524db1f\" data-element_type=\"container\">\n\t\t\t\t\t<div class=\"e-con-inner\">\n\t\t\t\t<div class=\"elementor-element elementor-element-ebbf816 elementor-widget elementor-widget-heading\" data-id=\"ebbf816\" data-element_type=\"widget\" data-widget_type=\"heading.default\">\n\t\t\t\t<div class=\"elementor-widget-container\">\n\t\t\t<style>\/*! elementor - v3.23.0 - 05-08-2024 *\/\n.elementor-heading-title{padding:0;margin:0;line-height:1}.elementor-widget-heading .elementor-heading-title[class*=elementor-size-]>a{color:inherit;font-size:inherit;line-height:inherit}.elementor-widget-heading .elementor-heading-title.elementor-size-small{font-size:15px}.elementor-widget-heading .elementor-heading-title.elementor-size-medium{font-size:19px}.elementor-widget-heading .elementor-heading-title.elementor-size-large{font-size:29px}.elementor-widget-heading .elementor-heading-title.elementor-size-xl{font-size:39px}.elementor-widget-heading .elementor-heading-title.elementor-size-xxl{font-size:59px}<\/style><h2 class=\"elementor-heading-title elementor-size-default\">Pour \u00eatre \u00e9ligible, vous devez remplir les deux conditions suivantes :<\/h2>\t\t<\/div>\n\t\t\t\t<\/div>\n\t\t\t\t<div class=\"elementor-element elementor-element-484c9ac elementor-widget elementor-widget-text-editor\" data-id=\"484c9ac\" data-element_type=\"widget\" data-widget_type=\"text-editor.default\">\n\t\t\t\t<div class=\"elementor-widget-container\">\n\t\t\t\t\t\t\t<p><strong><span class=\"checked\"> Vous devez \u00eatre un nouveau client Edusign<\/span><\/strong><\/p><p>Les clients de formules payantes, actuels ou anciens, ne peuvent pas b\u00e9n\u00e9ficier de cette offre sp\u00e9ciale d&rsquo;Edusign, mais ils ont tout de m\u00eame acc\u00e8s \u00e0 notre communaut\u00e9, \u00e0 nos \u00e9v\u00e9nements et \u00e0 nos formations.<\/p><p><strong><span class=\"checked\">Votre Organisme ou Startup a \u00e9t\u00e9 cr\u00e9\u00e9 dans les 12 derniers mois.<\/span><\/strong><\/p><p>Apr\u00e8s votre candidature, nous vous contacterons par e-mail pour vous informer du statut de votre dossier et vous communiquer les informations relatives \u00e0 l\u2019offre.<strong><br \/><\/strong><\/p>\t\t\t\t\t\t<\/div>\n\t\t\t\t<\/div>\n\t\t\t\t\t<\/div>\n\t\t\t\t<\/div>\n\t\t\t\t\t<\/div>\n\t\t\t\t<\/div>\n\t\t\t\t<\/div>\n\t\t","protected":false},"excerpt":{"rendered":"<p>Nouvel organisme ? Startup ? B\u00e9n\u00e9ficiez d&rsquo;un acc\u00e8s \u00e0 Edusign 6 mois gratuit\u00a0pour vous aider \u00e0 d\u00e9marrer. Pour \u00eatre \u00e9ligible, vous devez remplir les deux conditions suivantes : Vous devez \u00eatre un nouveau client Edusign Les clients de formules payantes, actuels ou anciens, ne peuvent pas b\u00e9n\u00e9ficier de cette offre sp\u00e9ciale d&rsquo;Edusign, mais ils ont [&hellip;]<\/p>\n","protected":false},"author":2,"featured_media":0,"parent":0,"menu_order":0,"comment_status":"closed","ping_status":"closed","template":"","meta":{"content-type":""},"acf":[],"_links":{"self":[{"href":"https:\/\/edusign.com\/fr\/wp-json\/wp\/v2\/pages\/11178"}],"collection":[{"href":"https:\/\/edusign.com\/fr\/wp-json\/wp\/v2\/pages"}],"about":[{"href":"https:\/\/edusign.com\/fr\/wp-json\/wp\/v2\/types\/page"}],"author":[{"embeddable":true,"href":"https:\/\/edusign.com\/fr\/wp-json\/wp\/v2\/users\/2"}],"replies":[{"embeddable":true,"href":"https:\/\/edusign.com\/fr\/wp-json\/wp\/v2\/comments?post=11178"}],"version-history":[{"count":32,"href":"https:\/\/edusign.com\/fr\/wp-json\/wp\/v2\/pages\/11178\/revisions"}],"predecessor-version":[{"id":22476,"href":"https:\/\/edusign.com\/fr\/wp-json\/wp\/v2\/pages\/11178\/revisions\/22476"}],"wp:attachment":[{"href":"https:\/\/edusign.com\/fr\/wp-json\/wp\/v2\/media?parent=11178"}],"curies":[{"name":"wp","href":"https:\/\/api.w.org\/{rel}","templated":true}]}}