{"id":4900,"date":"2024-02-23T08:50:24","date_gmt":"2024-02-23T08:50:24","guid":{"rendered":"https:\/\/edusign.com\/es\/?page_id=4900"},"modified":"2024-03-18T14:01:27","modified_gmt":"2024-03-18T14:01:27","slug":"contacto","status":"publish","type":"page","link":"https:\/\/edusign.com\/es\/contacto\/","title":{"rendered":"Contacto &#8211; Asistencia automatizada de los alumnos"},"content":{"rendered":"\t\t<div data-elementor-type=\"wp-page\" data-elementor-id=\"4900\" class=\"elementor elementor-4900\" data-elementor-post-type=\"page\">\n\t\t\t\t<div class=\"elementor-element elementor-element-f60be09 e-flex e-con-boxed e-con e-parent\" data-id=\"f60be09\" data-element_type=\"container\">\n\t\t\t\t\t<div class=\"e-con-inner\">\n\t\t<div class=\"elementor-element elementor-element-9ca6b7a e-flex e-con-boxed e-con e-child\" data-id=\"9ca6b7a\" data-element_type=\"container\">\n\t\t\t\t\t<div class=\"e-con-inner\">\n\t\t<div class=\"elementor-element elementor-element-cddf89d e-con-full e-flex e-con e-child\" data-id=\"cddf89d\" data-element_type=\"container\">\n\t\t<div class=\"elementor-element elementor-element-79967d3 e-flex e-con-boxed e-con e-child\" data-id=\"79967d3\" data-element_type=\"container\">\n\t\t\t\t\t<div class=\"e-con-inner\">\n\t\t<div class=\"elementor-element elementor-element-b98a1d7 e-flex e-con-boxed e-con e-child\" data-id=\"b98a1d7\" data-element_type=\"container\">\n\t\t\t\t\t<div class=\"e-con-inner\">\n\t\t\t\t<div class=\"elementor-element elementor-element-b1aa05c elementor-widget elementor-widget-heading\" data-id=\"b1aa05c\" data-element_type=\"widget\" data-widget_type=\"heading.default\">\n\t\t\t\t<div class=\"elementor-widget-container\">\n\t\t\t<style>\/*! elementor - v3.23.0 - 05-08-2024 *\/\n.elementor-heading-title{padding:0;margin:0;line-height:1}.elementor-widget-heading .elementor-heading-title[class*=elementor-size-]>a{color:inherit;font-size:inherit;line-height:inherit}.elementor-widget-heading .elementor-heading-title.elementor-size-small{font-size:15px}.elementor-widget-heading .elementor-heading-title.elementor-size-medium{font-size:19px}.elementor-widget-heading .elementor-heading-title.elementor-size-large{font-size:29px}.elementor-widget-heading .elementor-heading-title.elementor-size-xl{font-size:39px}.elementor-widget-heading .elementor-heading-title.elementor-size-xxl{font-size:59px}<\/style><h1 class=\"elementor-heading-title elementor-size-default\">Contacto<\/h1>\t\t<\/div>\n\t\t\t\t<\/div>\n\t\t\t\t\t<\/div>\n\t\t\t\t<\/div>\n\t\t<div class=\"elementor-element elementor-element-bccec70 e-flex e-con-boxed e-con e-child\" data-id=\"bccec70\" data-element_type=\"container\">\n\t\t\t\t\t<div class=\"e-con-inner\">\n\t\t\t\t<div class=\"elementor-element elementor-element-63b6aa9 elementor-widget elementor-widget-image\" data-id=\"63b6aa9\" data-element_type=\"widget\" data-widget_type=\"image.default\">\n\t\t\t\t<div class=\"elementor-widget-container\">\n\t\t\t<style>\/*! elementor - v3.23.0 - 05-08-2024 *\/\n.elementor-widget-image{text-align:center}.elementor-widget-image a{display:inline-block}.elementor-widget-image a img[src$=\".svg\"]{width:48px}.elementor-widget-image img{vertical-align:middle;display:inline-block}<\/style>\t\t\t\t\t\t\t\t\t\t\t<a href=\"https:\/\/api.whatsapp.com\/send\/?phone=5215619590331&#038;text&#038;type=phone_number&#038;app_absent=0\" target=\"_blank\" rel=\"noopener\">\n\t\t\t\t\t\t\t<img decoding=\"async\" width=\"414\" height=\"96\" src=\"https:\/\/edusign.com\/es\/wp-content\/uploads\/sites\/3\/2024\/02\/WhatsAppButtonWhiteLarge-1.png\" class=\"attachment-full size-full wp-image-4806\" alt=\"\" srcset=\"https:\/\/edusign.com\/es\/wp-content\/uploads\/sites\/3\/2024\/02\/WhatsAppButtonWhiteLarge-1.png 414w, https:\/\/edusign.com\/es\/wp-content\/uploads\/sites\/3\/2024\/02\/WhatsAppButtonWhiteLarge-1-300x70.png 300w\" sizes=\"(max-width: 414px) 100vw, 414px\" \/>\t\t\t\t\t\t\t\t<\/a>\n\t\t\t\t\t\t\t\t\t\t\t\t\t<\/div>\n\t\t\t\t<\/div>\n\t\t\t\t\t<\/div>\n\t\t\t\t<\/div>\n\t\t\t\t\t<\/div>\n\t\t\t\t<\/div>\n\t\t\t\t<div class=\"elementor-element elementor-element-8cbae5e elementor-widget elementor-widget-text-editor\" data-id=\"8cbae5e\" data-element_type=\"widget\" data-widget_type=\"text-editor.default\">\n\t\t\t\t<div class=\"elementor-widget-container\">\n\t\t\t<style>\/*! elementor - v3.23.0 - 05-08-2024 *\/\n.elementor-widget-text-editor.elementor-drop-cap-view-stacked .elementor-drop-cap{background-color:#69727d;color:#fff}.elementor-widget-text-editor.elementor-drop-cap-view-framed .elementor-drop-cap{color:#69727d;border:3px solid;background-color:transparent}.elementor-widget-text-editor:not(.elementor-drop-cap-view-default) .elementor-drop-cap{margin-top:8px}.elementor-widget-text-editor:not(.elementor-drop-cap-view-default) .elementor-drop-cap-letter{width:1em;height:1em}.elementor-widget-text-editor .elementor-drop-cap{float:left;text-align:center;line-height:1;font-size:50px}.elementor-widget-text-editor .elementor-drop-cap-letter{display:inline-block}<\/style>\t\t\t\t<p>Nuestro equipo har\u00e1 todo lo posible por responder a su solicitud lo antes posible.<\/p>\t\t\t\t\t\t<\/div>\n\t\t\t\t<\/div>\n\t\t\t\t<div class=\"elementor-element elementor-element-26a5443 elementor-widget elementor-widget-html\" data-id=\"26a5443\" data-element_type=\"widget\" data-widget_type=\"html.default\">\n\t\t\t\t<div class=\"elementor-widget-container\">\n\t\t\t<script charset=\"utf-8\" type=\"text\/javascript\" src=\"\/\/js.hsforms.net\/forms\/shell.js\"><\/script>\n<script async src=\"https:\/\/www.googletagmanager.com\/gtag\/js?id=AW-658181897\"><\/script>\n<script defer data-domain=\"edusign.com\" src=\"https:\/\/plausible.io\/js\/script.tagged-events.js\"><\/script>\n<script>\nfunction gtag() {\n        dataLayer.push(arguments)\n      }\n      window.dataLayer = window.dataLayer || [], gtag(\"js\", new Date), gtag(\"config\", \"AW-658181897\")\nfunction gtag_report_conversion() {\n  gtag('event', 'conversion', {\n      'send_to': 'AW-658181897\/o_ZvCNH4r5cYEIme7LkC'\n  });\n  plausible('FormContact');\n  return false;\n}\nfunction VMO_conversion(){\n    window.VWO = window.VWO || [];\n\tVWO.event = VWO.event || function () {VWO.push([\"event\"].concat([].slice.call(arguments)))};\n\n\t\/\/ Replace the property values with your actual values\n\tVWO.event(\"contactFormEsApi\", {\n\t\t\"formFilled\": true\n\t});\n\treturn false;\n}\nfunction Plausible_conversion(){\n    plausible('Contact ES');\n    return false;\n}\nfunction readCookie(name) {\n    name += '=';\n    for (var ca = document.cookie.split(\/;\\s*\/), i = ca.length - 1; i >= 0; i--)\n        if (!ca[i].indexOf(name))\n            return ca[i].replace(name, '');\n}\nhbspt.forms.create({\n    region: \"eu1\",\n    portalId: \"25774793\",\n    formId: \"579fe82b-887e-46dd-a941-38f9489f7f3d\",\n    onFormReady: function($form){\n        if (typeof JSON.parse(decodeURI(readCookie('axeptio_cookies')).replaceAll(\"%2C\",\",\")).hubspot != 'undefined'){\n            if (JSON.parse(decodeURI(readCookie('axeptio_cookies')).replaceAll(\"%2C\",\",\")).hubspot){\n            if (readCookie('utm_source')){$form.find('input[name=\"acquisition_source\"]').val(readCookie('utm_source')).change();}\n            if (readCookie('utm_campaign')){$form.find('input[name=\"utm_campaign\"]').val(readCookie('utm_campaign')).change();}\n            if (readCookie('utm_medium')){$form.find('input[name=\"type_of_news\"]').val(readCookie('utm_medium')).change();}\n            }\n        }\n    },\n    onFormSubmitted: function($form, data){\n        Plausible_conversion();\n        gtag_report_conversion();\n        VMO_conversion();\n    }\n});\n\n\n<\/script>\n\t\t<\/div>\n\t\t\t\t<\/div>\n\t\t\t\t<\/div>\n\t\t<div class=\"elementor-element elementor-element-3a28052 e-con-full e-flex e-con e-child\" data-id=\"3a28052\" data-element_type=\"container\">\n\t\t\t\t<div class=\"elementor-element elementor-element-a25d937 elementor-widget elementor-widget-heading\" data-id=\"a25d937\" data-element_type=\"widget\" data-widget_type=\"heading.default\">\n\t\t\t\t<div class=\"elementor-widget-container\">\n\t\t\t<h2 class=\"elementor-heading-title elementor-size-default\">Lo que obtiene con <u class=\"yellow\">Edusign <\/u>:<\/h2>\t\t<\/div>\n\t\t\t\t<\/div>\n\t\t\t\t<div class=\"elementor-element elementor-element-97d6161 elementor-widget elementor-widget-image\" data-id=\"97d6161\" data-element_type=\"widget\" data-widget_type=\"image.default\">\n\t\t\t\t<div class=\"elementor-widget-container\">\n\t\t\t\t\t\t\t\t\t\t\t\t\t<img fetchpriority=\"high\" decoding=\"async\" width=\"427\" height=\"353\" src=\"https:\/\/edusign.com\/es\/wp-content\/uploads\/sites\/3\/2023\/09\/Group-48618.png\" class=\"attachment-large size-large wp-image-1337\" alt=\"\" srcset=\"https:\/\/edusign.com\/es\/wp-content\/uploads\/sites\/3\/2023\/09\/Group-48618.png 427w, https:\/\/edusign.com\/es\/wp-content\/uploads\/sites\/3\/2023\/09\/Group-48618-300x248.png 300w\" sizes=\"(max-width: 427px) 100vw, 427px\" \/>\t\t\t\t\t\t\t\t\t\t\t\t\t<\/div>\n\t\t\t\t<\/div>\n\t\t\t\t<div class=\"elementor-element elementor-element-f7a0ed8 elementor-widget elementor-widget-text-editor\" data-id=\"f7a0ed8\" data-element_type=\"widget\" data-widget_type=\"text-editor.default\">\n\t\t\t\t<div class=\"elementor-widget-container\">\n\t\t\t\t\t\t\t<p style=\"text-align: left;\"><strong><span class=\"checked\">Inscripci\u00f3n en l\u00ednea y presencial<\/span><\/strong><strong><span class=\"checked\">Firma electr\u00f3nica de documentos certificados<\/span><\/strong><strong><span class=\"checked\">Certificados de aprovechamiento<\/span><\/strong><\/p><p style=\"text-align: left;\"><strong><span class=\"checked\">Cuestionarios<\/span><\/strong><br \/><strong><span class=\"checked\">API Rest moderna y m\u00e1s de 1000 integraciones<br \/><\/span><\/strong><br \/><strong><span class=\"checked\">Asistencia personalizada<br \/><\/span><\/strong><br \/><strong><span class=\"checked\">Y mucho m\u00e1s !<br \/><\/span><\/strong><\/p><p><br \/>Edusign es f\u00e1cil de aprender. Se configura r\u00e1pidamente y nuestro equipo est\u00e1 aqu\u00ed para ayudarle.<\/p>\t\t\t\t\t\t<\/div>\n\t\t\t\t<\/div>\n\t\t\t\t<\/div>\n\t\t\t\t\t<\/div>\n\t\t\t\t<\/div>\n\t\t\t\t\t<\/div>\n\t\t\t\t<\/div>\n\t\t\t\t<\/div>\n\t\t","protected":false},"excerpt":{"rendered":"<p>Contacto Nuestro equipo har\u00e1 todo lo posible por responder a su solicitud lo antes posible. Lo que obtiene con Edusign : Inscripci\u00f3n en l\u00ednea y presencialFirma electr\u00f3nica de documentos certificadosCertificados de aprovechamiento CuestionariosAPI Rest moderna y m\u00e1s de 1000 integracionesAsistencia personalizadaY mucho m\u00e1s ! Edusign es f\u00e1cil de aprender. Se configura r\u00e1pidamente y nuestro equipo [&hellip;]<\/p>\n","protected":false},"author":2,"featured_media":0,"parent":0,"menu_order":0,"comment_status":"closed","ping_status":"closed","template":"","meta":{"content-type":"","_joinchat":[]},"acf":[],"_links":{"self":[{"href":"https:\/\/edusign.com\/es\/wp-json\/wp\/v2\/pages\/4900"}],"collection":[{"href":"https:\/\/edusign.com\/es\/wp-json\/wp\/v2\/pages"}],"about":[{"href":"https:\/\/edusign.com\/es\/wp-json\/wp\/v2\/types\/page"}],"author":[{"embeddable":true,"href":"https:\/\/edusign.com\/es\/wp-json\/wp\/v2\/users\/2"}],"replies":[{"embeddable":true,"href":"https:\/\/edusign.com\/es\/wp-json\/wp\/v2\/comments?post=4900"}],"version-history":[{"count":27,"href":"https:\/\/edusign.com\/es\/wp-json\/wp\/v2\/pages\/4900\/revisions"}],"predecessor-version":[{"id":5430,"href":"https:\/\/edusign.com\/es\/wp-json\/wp\/v2\/pages\/4900\/revisions\/5430"}],"wp:attachment":[{"href":"https:\/\/edusign.com\/es\/wp-json\/wp\/v2\/media?parent=4900"}],"curies":[{"name":"wp","href":"https:\/\/api.w.org\/{rel}","templated":true}]}}